{"id":776,"date":"2022-06-30T21:19:11","date_gmt":"2022-06-30T21:19:11","guid":{"rendered":"https:\/\/afjminternacional.com\/?page_id=776"},"modified":"2024-10-08T19:39:20","modified_gmt":"2024-10-08T19:39:20","slug":"encuentros","status":"publish","type":"page","link":"https:\/\/afjminternacional.com\/?page_id=776","title":{"rendered":"Encuentros"},"content":{"rendered":"\t\t<div data-elementor-type=\"wp-page\" data-elementor-id=\"776\" class=\"elementor elementor-776\">\n\t\t\t\t\t\t<section class=\"elementor-section elementor-top-section elementor-element elementor-element-e5818cb elementor-section-height-min-height elementor-section-full_width elementor-section-height-default elementor-section-items-middle\" data-id=\"e5818cb\" data-element_type=\"section\" data-settings=\"{&quot;background_background&quot;:&quot;classic&quot;}\">\n\t\t\t\t\t\t\t<div class=\"elementor-background-overlay\"><\/div>\n\t\t\t\t\t\t\t<div class=\"elementor-container elementor-column-gap-default\">\n\t\t\t\t\t<div class=\"elementor-column elementor-col-100 elementor-top-column elementor-element elementor-element-b89087e\" data-id=\"b89087e\" data-element_type=\"column\">\n\t\t\t<div class=\"elementor-widget-wrap elementor-element-populated\">\n\t\t\t\t\t\t<div class=\"elementor-element elementor-element-65b4857 elementor-widget elementor-widget-heading\" data-id=\"65b4857\" data-element_type=\"widget\" data-widget_type=\"heading.default\">\n\t\t\t\t<div class=\"elementor-widget-container\">\n\t\t\t\t\t<h1 class=\"elementor-heading-title elementor-size-default\">Encuentros<\/h1>\t\t\t\t<\/div>\n\t\t\t\t<\/div>\n\t\t\t\t\t<\/div>\n\t\t<\/div>\n\t\t\t\t\t<\/div>\n\t\t<\/section>\n\t\t\t\t<section class=\"elementor-section elementor-top-section elementor-element elementor-element-e0317ce elementor-section-boxed elementor-section-height-default elementor-section-height-default\" data-id=\"e0317ce\" data-element_type=\"section\">\n\t\t\t\t\t\t<div class=\"elementor-container elementor-column-gap-default\">\n\t\t\t\t\t<div class=\"elementor-column elementor-col-100 elementor-top-column elementor-element elementor-element-5b01c0f\" data-id=\"5b01c0f\" data-element_type=\"column\">\n\t\t\t<div class=\"elementor-widget-wrap elementor-element-populated\">\n\t\t\t\t\t\t<div class=\"elementor-element elementor-element-c8ac442 elementor-invisible elementor-widget elementor-widget-heading\" data-id=\"c8ac442\" data-element_type=\"widget\" data-settings=\"{&quot;_animation&quot;:&quot;fadeIn&quot;,&quot;_animation_delay&quot;:100}\" data-widget_type=\"heading.default\">\n\t\t\t\t<div class=\"elementor-widget-container\">\n\t\t\t\t\t<h2 class=\"elementor-heading-title elementor-size-default\">ENCUENTROS<\/h2>\t\t\t\t<\/div>\n\t\t\t\t<\/div>\n\t\t\t\t<div class=\"elementor-element elementor-element-82b14a6 elementor-widget elementor-widget-eael-adv-tabs\" data-id=\"82b14a6\" data-element_type=\"widget\" data-widget_type=\"eael-adv-tabs.default\">\n\t\t\t\t<div class=\"elementor-widget-container\">\n\t\t\t\t\t        <div data-scroll-on-click=\"no\" data-scroll-speed=\"300\" id=\"eael-advance-tabs-82b14a6\" class=\"eael-advance-tabs eael-tabs-vertical eael-tab-auto-active \" data-tabid=\"82b14a6\">\n            <div class=\"eael-tabs-nav\">\n                <ul class=\"\" role=\"tablist\">\n                                            <li id=\"encuentro-responsables-afjm-a-nivel-provincial-delegacin-26112022\" class=\"inactive eael-tab-item-trigger eael-tab-nav-item\" aria-selected=\"true\" data-tab=\"1\" role=\"tab\" tabindex=\"0\" aria-controls=\"encuentro-responsables-afjm-a-nivel-provincial-delegacin-26112022-tab\" aria-expanded=\"false\">\n                            \n                            \n                            \n                                                            <span class=\"eael-tab-title title-after-icon\" >Encuentro Responsables AFJM &#8211; A Nivel Provincial &#8211; Delegaci\u00f3n. 26\/11\/2022<\/span>                                                    <\/li>\n                                            <li id=\"encuentro-oracin-miembros-afjm-navidad-2022-online\" class=\"inactive eael-tab-item-trigger eael-tab-nav-item\" aria-selected=\"false\" data-tab=\"2\" role=\"tab\" tabindex=\"-1\" aria-controls=\"encuentro-oracin-miembros-afjm-navidad-2022-online-tab\" aria-expanded=\"false\">\n                            \n                            \n                            \n                                                            <span class=\"eael-tab-title title-after-icon\" >Encuentro Oraci\u00f3n Miembros AFJM Navidad  2022 &#8211; Online<\/span>                                                    <\/li>\n                                            <li id=\"encuentro-responsables-afjm-11122020\" class=\"inactive eael-tab-item-trigger eael-tab-nav-item\" aria-selected=\"false\" data-tab=\"3\" role=\"tab\" tabindex=\"-1\" aria-controls=\"encuentro-responsables-afjm-11122020-tab\" aria-expanded=\"false\">\n                            \n                            \n                            \n                                                            <span class=\"eael-tab-title title-after-icon\" >Encuentro Responsables AFJM. 11\/12\/2020<\/span>                                                    <\/li>\n                                            <li id=\"encuentro-oracin-miembros-afjm-navidad-2021-online\" class=\"inactive eael-tab-item-trigger eael-tab-nav-item\" aria-selected=\"false\" data-tab=\"4\" role=\"tab\" tabindex=\"-1\" aria-controls=\"encuentro-oracin-miembros-afjm-navidad-2021-online-tab\" aria-expanded=\"false\">\n                            \n                            \n                            \n                                                            <span class=\"eael-tab-title title-after-icon\" >Encuentro Oraci\u00f3n Miembros AFJM Navidad  2021 &#8211; Online<\/span>                                                    <\/li>\n                                            <li id=\"encuentros-miembros-afjm-por-idioma-ao-2021-y-2022\" class=\"inactive eael-tab-item-trigger eael-tab-nav-item\" aria-selected=\"false\" data-tab=\"5\" role=\"tab\" tabindex=\"-1\" aria-controls=\"encuentros-miembros-afjm-por-idioma-ao-2021-y-2022-tab\" aria-expanded=\"false\">\n                            \n                            \n                            \n                                                            <span class=\"eael-tab-title title-after-icon\" >Encuentros Miembros AFJM por Idioma. A\u00f1o 2021 y 2022<\/span>                                                    <\/li>\n                                            <li id=\"encuentro-miembros-afjm-oracin-de-navidad-rosario-por-la-paz\" class=\"inactive eael-tab-item-trigger eael-tab-nav-item\" aria-selected=\"false\" data-tab=\"6\" role=\"tab\" tabindex=\"-1\" aria-controls=\"encuentro-miembros-afjm-oracin-de-navidad-rosario-por-la-paz-tab\" aria-expanded=\"false\">\n                            \n                            \n                            \n                                                            <span class=\"eael-tab-title title-after-icon\" >Encuentro miembros AFJM &#8211; Oraci\u00f3n de Navidad: Rosario por la Paz<\/span>                                                    <\/li>\n                                    <\/ul>\n            <\/div>\n            \n            <div class=\"eael-tabs-content\">\n\t\t        \n                    <div id=\"encuentro-responsables-afjm-a-nivel-provincial-delegacin-26112022-tab\" class=\"clearfix eael-tab-content-item inactive\" data-title-link=\"encuentro-responsables-afjm-a-nivel-provincial-delegacin-26112022-tab\">\n\t\t\t\t        <p><a href=\"https:\/\/afjminternacional.com\/?page_id=2327&amp;pdfurl=http:\/\/afjminternacional.com\/wp-content\/uploads\/2023\/03\/web-ESP-Encuentro-AFJM-26112022.pdf\" target=\"_blank\" rel=\"noopener\">Espa\u00f1ol<\/a><\/p><p><a href=\"https:\/\/afjminternacional.com\/?page_id=2327&amp;pdfurl=http:\/\/afjminternacional.com\/wp-content\/uploads\/2023\/03\/web-ENG-Meeting-AFJM-26112022.pdf\" target=\"_blank\" rel=\"noopener\">Ingl\u00e9s<\/a><\/p><p><a href=\"https:\/\/afjminternacional.com\/?page_id=2327&amp;pdfurl=http:\/\/afjminternacional.com\/wp-content\/uploads\/2023\/03\/web-FR-Rencontre-AFJM-26112022.pdf\" target=\"_blank\" rel=\"noopener\">Franc\u00e9s<\/a><\/p><p><a href=\"https:\/\/afjminternacional.com\/?page_id=2327&amp;pdfurl=http:\/\/afjminternacional.com\/wp-content\/uploads\/2023\/03\/web-ITA-Incontro-AFJM-26112022.pdf\" target=\"_blank\" rel=\"noopener\">Italiano<\/a><\/p>                    <\/div>\n\t\t        \n                    <div id=\"encuentro-oracin-miembros-afjm-navidad-2022-online-tab\" class=\"clearfix eael-tab-content-item inactive\" data-title-link=\"encuentro-oracin-miembros-afjm-navidad-2022-online-tab\">\n\t\t\t\t        <style>.elementor-bc-flex-widget .elementor-1646 .elementor-element.elementor-element-bc66b35.elementor-column .elementor-widget-wrap{align-items:center;}.elementor-1646 .elementor-element.elementor-element-bc66b35.elementor-column.elementor-element[data-element_type=\"column\"] > .elementor-widget-wrap.elementor-element-populated{align-content:center;align-items:center;}.elementor-1646 .elementor-element.elementor-element-bc66b35.elementor-column > .elementor-widget-wrap{justify-content:center;}.elementor-1646 .elementor-element.elementor-element-bc66b35 > .elementor-element-populated{margin:0px 0px 0px 0px;--e-column-margin-right:0px;--e-column-margin-left:0px;padding:0px 0px 0px 0px;}.elementor-1646 .elementor-element.elementor-element-099932e .elementor-wrapper{--video-aspect-ratio:1.77777;}<\/style>\t\t<div data-elementor-type=\"section\" data-elementor-id=\"1646\" class=\"elementor elementor-1646\">\n\t\t\t\t\t\t<section class=\"elementor-section elementor-top-section elementor-element elementor-element-c513508 elementor-section-full_width elementor-section-height-default elementor-section-height-default\" data-id=\"c513508\" data-element_type=\"section\">\n\t\t\t\t\t\t<div class=\"elementor-container elementor-column-gap-default\">\n\t\t\t\t\t<div class=\"elementor-column elementor-col-100 elementor-top-column elementor-element elementor-element-bc66b35\" data-id=\"bc66b35\" data-element_type=\"column\">\n\t\t\t<div class=\"elementor-widget-wrap elementor-element-populated\">\n\t\t\t\t\t\t<div class=\"elementor-element elementor-element-099932e elementor-widget elementor-widget-video\" data-id=\"099932e\" data-element_type=\"widget\" data-settings=\"{&quot;video_type&quot;:&quot;vimeo&quot;}\" data-widget_type=\"video.default\">\n\t\t\t\t<div class=\"elementor-widget-container\">\n\t\t\t\t\t\t\t<div class=\"elementor-wrapper elementor-open-inline\">\n\t\t\t<iframe class=\"elementor-video-iframe\" allowfullscreen allow=\"clipboard-write\" title=\"Reproductor de v\u00eddeo vimeo\" src=\"https:\/\/player.vimeo.com\/video\/811574275?color&amp;autopause=0&amp;loop=0&amp;muted=0&amp;title=1&amp;portrait=1&amp;byline=1#t=\"><\/iframe>\t\t<\/div>\n\t\t\t\t\t\t<\/div>\n\t\t\t\t<\/div>\n\t\t\t\t\t<\/div>\n\t\t<\/div>\n\t\t\t\t\t<\/div>\n\t\t<\/section>\n\t\t\t\t<\/div>\n\t\t                    <\/div>\n\t\t        \n                    <div id=\"encuentro-responsables-afjm-11122020-tab\" class=\"clearfix eael-tab-content-item inactive\" data-title-link=\"encuentro-responsables-afjm-11122020-tab\">\n\t\t\t\t        <p><a href=\"https:\/\/afjminternacional.com\/?page_id=2327&amp;pdfurl=http:\/\/afjminternacional.com\/wp-content\/uploads\/2022\/06\/ESP-Zoom-AFJM.pdf\" target=\"_blank\" rel=\"noopener\">Espa\u00f1ol<\/a><\/p><p><a href=\"https:\/\/afjminternacional.com\/?page_id=2327&amp;pdfurl=http:\/\/afjminternacional.com\/wp-content\/uploads\/2022\/06\/ENG-Zoom-AFJM.pdf\" target=\"_blank\" rel=\"noopener\">Ingl\u00e9s<\/a><\/p><p><a href=\"https:\/\/afjminternacional.com\/?page_id=2327&amp;pdfurl=http:\/\/afjminternacional.com\/wp-content\/uploads\/2022\/06\/FR-Zoom-AFJM.pdf\" target=\"_blank\" rel=\"noopener\">Franc\u00e9s<\/a><\/p><p><a href=\"https:\/\/afjminternacional.com\/?page_id=2327&amp;pdfurl=http:\/\/afjminternacional.com\/wp-content\/uploads\/2022\/06\/IT-Zoom-AFJM.pdf\" target=\"_blank\" rel=\"noopener\">Italiano<\/a><\/p>                    <\/div>\n\t\t        \n                    <div id=\"encuentro-oracin-miembros-afjm-navidad-2021-online-tab\" class=\"clearfix eael-tab-content-item inactive\" data-title-link=\"encuentro-oracin-miembros-afjm-navidad-2021-online-tab\">\n\t\t\t\t        <style>.elementor-bc-flex-widget .elementor-736 .elementor-element.elementor-element-bc66b35.elementor-column .elementor-widget-wrap{align-items:center;}.elementor-736 .elementor-element.elementor-element-bc66b35.elementor-column.elementor-element[data-element_type=\"column\"] > .elementor-widget-wrap.elementor-element-populated{align-content:center;align-items:center;}.elementor-736 .elementor-element.elementor-element-bc66b35.elementor-column > .elementor-widget-wrap{justify-content:center;}.elementor-736 .elementor-element.elementor-element-bc66b35 > .elementor-element-populated{margin:0px 0px 0px 0px;--e-column-margin-right:0px;--e-column-margin-left:0px;padding:0px 0px 0px 0px;}.elementor-736 .elementor-element.elementor-element-099932e .elementor-wrapper{--video-aspect-ratio:1.77777;}<\/style>\t\t<div data-elementor-type=\"section\" data-elementor-id=\"736\" class=\"elementor elementor-736\">\n\t\t\t\t\t\t<section class=\"elementor-section elementor-top-section elementor-element elementor-element-c513508 elementor-section-full_width elementor-section-height-default elementor-section-height-default\" data-id=\"c513508\" data-element_type=\"section\">\n\t\t\t\t\t\t<div class=\"elementor-container elementor-column-gap-default\">\n\t\t\t\t\t<div class=\"elementor-column elementor-col-100 elementor-top-column elementor-element elementor-element-bc66b35\" data-id=\"bc66b35\" data-element_type=\"column\">\n\t\t\t<div class=\"elementor-widget-wrap elementor-element-populated\">\n\t\t\t\t\t\t<div class=\"elementor-element elementor-element-099932e elementor-widget elementor-widget-video\" data-id=\"099932e\" data-element_type=\"widget\" data-settings=\"{&quot;video_type&quot;:&quot;vimeo&quot;}\" data-widget_type=\"video.default\">\n\t\t\t\t<div class=\"elementor-widget-container\">\n\t\t\t\t\t\t\t<div class=\"elementor-wrapper elementor-open-inline\">\n\t\t\t<iframe class=\"elementor-video-iframe\" allowfullscreen allow=\"clipboard-write\" title=\"Reproductor de v\u00eddeo vimeo\" src=\"https:\/\/player.vimeo.com\/video\/725828839?color&amp;autopause=0&amp;loop=0&amp;muted=0&amp;title=1&amp;portrait=1&amp;byline=1#t=\"><\/iframe>\t\t<\/div>\n\t\t\t\t\t\t<\/div>\n\t\t\t\t<\/div>\n\t\t\t\t\t<\/div>\n\t\t<\/div>\n\t\t\t\t\t<\/div>\n\t\t<\/section>\n\t\t\t\t<\/div>\n\t\t                    <\/div>\n\t\t        \n                    <div id=\"encuentros-miembros-afjm-por-idioma-ao-2021-y-2022-tab\" class=\"clearfix eael-tab-content-item inactive\" data-title-link=\"encuentros-miembros-afjm-por-idioma-ao-2021-y-2022-tab\">\n\t\t\t\t        <p><a href=\"https:\/\/afjminternacional.com\/?page_id=2327&amp;pdfurl=http:\/\/afjminternacional.com\/wp-content\/uploads\/2022\/06\/Para-compartir-lo-vivido.pdf\" target=\"_blank\" rel=\"noopener\">Espa\u00f1ol<\/a><\/p><p><a href=\"https:\/\/afjminternacional.com\/?page_id=2327&amp;pdfurl=http:\/\/afjminternacional.com\/wp-content\/uploads\/2022\/06\/ENG-AFJM-Sharing-AFJM-speackers.pdf\" target=\"_blank\" rel=\"noopener\">Ingl\u00e9s<\/a><\/p><p><a href=\"https:\/\/afjminternacional.com\/?page_id=2327&amp;pdfurl=http:\/\/afjminternacional.com\/wp-content\/uploads\/2022\/06\/FR-AFJM-souvenir.pdf\" target=\"_blank\" rel=\"noopener\">Franc\u00e9s<\/a><\/p><p><a href=\"https:\/\/afjminternacional.com\/?page_id=2327&amp;pdfurl=http:\/\/afjminternacional.com\/wp-content\/uploads\/2022\/06\/IT-Para-compartir-lo-vivido.pdf\" target=\"_blank\" rel=\"noopener\">Italiano<\/a><\/p>                    <\/div>\n\t\t        \n                    <div id=\"encuentro-miembros-afjm-oracin-de-navidad-rosario-por-la-paz-tab\" class=\"clearfix eael-tab-content-item inactive\" data-title-link=\"encuentro-miembros-afjm-oracin-de-navidad-rosario-por-la-paz-tab\">\n\t\t\t\t        <p><a href=\"https:\/\/afjminternacional.com\/?page_id=2327&amp;pdfurl=http:\/\/afjminternacional.com\/wp-content\/uploads\/2023\/12\/ESP-Rosario-por-la-PAZ.pdf\" target=\"_blank\" rel=\"noopener\">Espa\u00f1ol<\/a><\/p><p><a href=\"https:\/\/afjminternacional.com\/?page_id=2327&amp;pdfurl=http:\/\/afjminternacional.com\/wp-content\/uploads\/2023\/12\/ENG-Rosary-for-PEACE.pdf\" target=\"_blank\" rel=\"noopener\">Ingl\u00e9s<\/a><\/p><p><a href=\"https:\/\/afjminternacional.com\/?page_id=2327&amp;pdfurl=http:\/\/afjminternacional.com\/wp-content\/uploads\/2023\/12\/FR-Rosaire-pour-la-PAIX.pdf\" target=\"_blank\" rel=\"noopener\">Franc\u00e9s<\/a><\/p><p><a href=\"https:\/\/afjminternacional.com\/?page_id=2327&amp;pdfurl=http:\/\/afjminternacional.com\/wp-content\/uploads\/2023\/12\/ITA-Rosario-per-la-PACE.pdf\" target=\"_blank\" rel=\"noopener\">Italiano<\/a><\/p>                    <\/div>\n\t\t                    <\/div>\n        <\/div>\n\t\t\t\t<\/div>\n\t\t\t\t<\/div>\n\t\t\t\t\t<\/div>\n\t\t<\/div>\n\t\t\t\t\t<\/div>\n\t\t<\/section>\n\t\t\t\t<\/div>\n\t\t","protected":false},"excerpt":{"rendered":"<p>Encuentros ENCUENTROS Encuentro Responsables AFJM &#8211; A Nivel Provincial &#8211; Delegaci\u00f3n. 26\/11\/2022 Encuentro Oraci\u00f3n Miembros AFJM Navidad 2022 &#8211; Online Encuentro Responsables AFJM. 11\/12\/2020 Encuentro Oraci\u00f3n Miembros AFJM Navidad 2021 &#8211; Online Encuentros Miembros AFJM por Idioma. A\u00f1o 2021 y 2022 Encuentro miembros AFJM &#8211; Oraci\u00f3n de Navidad: Rosario por la Paz Espa\u00f1ol Ingl\u00e9s Franc\u00e9s [&hellip;]<\/p>\n","protected":false},"author":1,"featured_media":0,"parent":0,"menu_order":0,"comment_status":"closed","ping_status":"closed","template":"","meta":{"site-sidebar-layout":"no-sidebar","site-content-layout":"page-builder","ast-site-content-layout":"default","site-content-style":"default","site-sidebar-style":"default","ast-global-header-display":"","ast-banner-title-visibility":"","ast-main-header-display":"","ast-hfb-above-header-display":"","ast-hfb-below-header-display":"","ast-hfb-mobile-header-display":"","site-post-title":"disabled","ast-breadcrumbs-content":"","ast-featured-img":"disabled","footer-sml-layout":"","theme-transparent-header-meta":"default","adv-header-id-meta":"","stick-header-meta":"","header-above-stick-meta":"","header-main-stick-meta":"","header-below-stick-meta":"","astra-migrate-meta-layouts":"default","ast-page-background-enabled":"default","ast-page-background-meta":{"desktop":{"background-color":"var(--ast-global-color-4)","background-image":"","background-repeat":"repeat","background-position":"center center","background-size":"auto","background-attachment":"scroll","background-type":"","background-media":"","overlay-type":"","overlay-color":"","overlay-opacity":"","overlay-gradient":""},"tablet":{"background-color":"","background-image":"","background-repeat":"repeat","background-position":"center center","background-size":"auto","background-attachment":"scroll","background-type":"","background-media":"","overlay-type":"","overlay-color":"","overlay-opacity":"","overlay-gradient":""},"mobile":{"background-color":"","background-image":"","background-repeat":"repeat","background-position":"center center","background-size":"auto","background-attachment":"scroll","background-type":"","background-media":"","overlay-type":"","overlay-color":"","overlay-opacity":"","overlay-gradient":""}},"ast-content-background-meta":{"desktop":{"background-color":"var(--ast-global-color-5)","background-image":"","background-repeat":"repeat","background-position":"center center","background-size":"auto","background-attachment":"scroll","background-type":"","background-media":"","overlay-type":"","overlay-color":"","overlay-opacity":"","overlay-gradient":""},"tablet":{"background-color":"var(--ast-global-color-5)","background-image":"","background-repeat":"repeat","background-position":"center center","background-size":"auto","background-attachment":"scroll","background-type":"","background-media":"","overlay-type":"","overlay-color":"","overlay-opacity":"","overlay-gradient":""},"mobile":{"background-color":"var(--ast-global-color-5)","background-image":"","background-repeat":"repeat","background-position":"center center","background-size":"auto","background-attachment":"scroll","background-type":"","background-media":"","overlay-type":"","overlay-color":"","overlay-opacity":"","overlay-gradient":""}},"footnotes":""},"class_list":["post-776","page","type-page","status-publish","hentry"],"aioseo_notices":[],"_links":{"self":[{"href":"https:\/\/afjminternacional.com\/index.php?rest_route=\/wp\/v2\/pages\/776","targetHints":{"allow":["GET"]}}],"collection":[{"href":"https:\/\/afjminternacional.com\/index.php?rest_route=\/wp\/v2\/pages"}],"about":[{"href":"https:\/\/afjminternacional.com\/index.php?rest_route=\/wp\/v2\/types\/page"}],"author":[{"embeddable":true,"href":"https:\/\/afjminternacional.com\/index.php?rest_route=\/wp\/v2\/users\/1"}],"replies":[{"embeddable":true,"href":"https:\/\/afjminternacional.com\/index.php?rest_route=%2Fwp%2Fv2%2Fcomments&post=776"}],"version-history":[{"count":43,"href":"https:\/\/afjminternacional.com\/index.php?rest_route=\/wp\/v2\/pages\/776\/revisions"}],"predecessor-version":[{"id":2380,"href":"https:\/\/afjminternacional.com\/index.php?rest_route=\/wp\/v2\/pages\/776\/revisions\/2380"}],"wp:attachment":[{"href":"https:\/\/afjminternacional.com\/index.php?rest_route=%2Fwp%2Fv2%2Fmedia&parent=776"}],"curies":[{"name":"wp","href":"https:\/\/api.w.org\/{rel}","templated":true}]}}