{"id":561,"date":"2022-06-28T17:22:41","date_gmt":"2022-06-28T17:22:41","guid":{"rendered":"https:\/\/afjminternacional.com\/?page_id=561"},"modified":"2023-02-14T13:50:32","modified_gmt":"2023-02-14T13:50:32","slug":"noticias","status":"publish","type":"page","link":"https:\/\/afjminternacional.com\/?page_id=561","title":{"rendered":"Noticias"},"content":{"rendered":"\t\t<div data-elementor-type=\"wp-page\" data-elementor-id=\"561\" class=\"elementor elementor-561\">\n\t\t\t\t\t\t<section class=\"elementor-section elementor-top-section elementor-element elementor-element-79c150d elementor-section-full_width elementor-section-height-default elementor-section-height-default\" data-id=\"79c150d\" data-element_type=\"section\">\n\t\t\t\t\t\t<div class=\"elementor-container elementor-column-gap-default\">\n\t\t\t\t\t<div class=\"elementor-column elementor-col-100 elementor-top-column elementor-element elementor-element-4138b54\" data-id=\"4138b54\" data-element_type=\"column\">\n\t\t\t<div class=\"elementor-widget-wrap elementor-element-populated\">\n\t\t\t\t\t\t<div class=\"elementor-element elementor-element-c009765 elementor-widget elementor-widget-image\" data-id=\"c009765\" data-element_type=\"widget\" data-widget_type=\"image.default\">\n\t\t\t\t<div class=\"elementor-widget-container\">\n\t\t\t\t\t\t\t\t\t\t\t\t\t\t\t<img fetchpriority=\"high\" decoding=\"async\" width=\"1024\" height=\"341\" src=\"https:\/\/afjminternacional.com\/wp-content\/uploads\/2022\/09\/Compartimos-nuestras-noticias-1024x341.png\" class=\"attachment-large size-large wp-image-1044\" alt=\"\" srcset=\"https:\/\/afjminternacional.com\/wp-content\/uploads\/2022\/09\/Compartimos-nuestras-noticias-1024x341.png 1024w, https:\/\/afjminternacional.com\/wp-content\/uploads\/2022\/09\/Compartimos-nuestras-noticias-300x100.png 300w, https:\/\/afjminternacional.com\/wp-content\/uploads\/2022\/09\/Compartimos-nuestras-noticias-768x256.png 768w, https:\/\/afjminternacional.com\/wp-content\/uploads\/2022\/09\/Compartimos-nuestras-noticias-1536x512.png 1536w, https:\/\/afjminternacional.com\/wp-content\/uploads\/2022\/09\/Compartimos-nuestras-noticias-600x200.png 600w, https:\/\/afjminternacional.com\/wp-content\/uploads\/2022\/09\/Compartimos-nuestras-noticias.png 1800w\" sizes=\"(max-width: 1024px) 100vw, 1024px\" \/>\t\t\t\t\t\t\t\t\t\t\t\t\t\t\t<\/div>\n\t\t\t\t<\/div>\n\t\t\t\t\t<\/div>\n\t\t<\/div>\n\t\t\t\t\t<\/div>\n\t\t<\/section>\n\t\t\t\t<section class=\"elementor-section elementor-top-section elementor-element elementor-element-8235160 elementor-section-boxed elementor-section-height-default elementor-section-height-default\" data-id=\"8235160\" data-element_type=\"section\">\n\t\t\t\t\t\t<div class=\"elementor-container elementor-column-gap-default\">\n\t\t\t\t\t<div class=\"elementor-column elementor-col-100 elementor-top-column elementor-element elementor-element-f5b6c3b\" data-id=\"f5b6c3b\" data-element_type=\"column\">\n\t\t\t<div class=\"elementor-widget-wrap elementor-element-populated\">\n\t\t\t\t\t\t<div class=\"elementor-element elementor-element-614e762 elementor-widget elementor-widget-post_layouts\" data-id=\"614e762\" data-element_type=\"widget\" data-widget_type=\"post_layouts.default\">\n\t\t\t\t<div class=\"elementor-widget-container\">\n\t\t\t\t\t<div class=\"row\"><div class=\"col-md-4 col-lg-3\"><div class=\"theimran-post-layout-one\"><div class=\"theimran-post-layout-one__thumbnail\">\t\t\t<a href=\"https:\/\/afjminternacional.com\/?p=2675\"><img decoding=\"async\" width=\"300\" height=\"159\" src=\"https:\/\/afjminternacional.com\/wp-content\/uploads\/2026\/04\/II-Congreso-AFJM-Semana-Santa-300x159.jpg\" class=\"attachment-medium size-medium wp-post-image\" alt=\"\" srcset=\"https:\/\/afjminternacional.com\/wp-content\/uploads\/2026\/04\/II-Congreso-AFJM-Semana-Santa-300x159.jpg 300w, https:\/\/afjminternacional.com\/wp-content\/uploads\/2026\/04\/II-Congreso-AFJM-Semana-Santa-600x319.jpg 600w, https:\/\/afjminternacional.com\/wp-content\/uploads\/2026\/04\/II-Congreso-AFJM-Semana-Santa.jpg 747w\" sizes=\"(max-width: 300px) 100vw, 300px\" \/><\/a>\r\n\t\t\t\t\t\t<div class=\"theimran-post-layout-one__categories\">\r\n\t\t\t\t<span class=\"cat-links\"><a href=\"https:\/\/afjminternacional.com\/?cat=5\" rel=\"category\">Noticias<\/a><\/span>\t\t\t<\/div>\r\n\t\t\t<\/div><div class=\"theimran-post-layout-one__content-wrapper\">\t\t\t<div class=\"theimran-post-layout-one__title\">\r\n\t\t\t\t<h3><a href=\"https:\/\/afjminternacional.com\/?p=2675\">II CONGRESO AFJM VICEPROVINCIA ANDINA<\/a><\/h3>\r\n\t\t\t<\/div>\r\n\t\t\t\t<div class=\"theimran-post-layout-one__blog-meta\">\r\n\t\t\t<ul>\r\n\t\t\t\t\t\t\t\t<li><a href=\"#\"> <span class=\"far fa-calendar-alt\"><\/span><span class=\"posted-on\">posted on <a href=\"https:\/\/afjminternacional.com\/?p=2675\" rel=\"bookmark\"><time class=\"entry-date published\" datetime=\"2026-04-11T23:26:53+00:00\">11 de abril de 2026<\/time><\/a><\/span><\/a><\/li>\r\n\t\t\t\t\t\t\t<\/ul>\r\n\t\t<\/div>\r\n\t\t<\/div><\/div><\/div><div class=\"col-md-4 col-lg-3\"><div class=\"theimran-post-layout-one\"><div class=\"theimran-post-layout-one__thumbnail\">\t\t\t<a href=\"https:\/\/afjminternacional.com\/?p=2668\"><img decoding=\"async\" width=\"300\" height=\"146\" src=\"https:\/\/afjminternacional.com\/wp-content\/uploads\/2026\/04\/Canada-300x146.jpg\" class=\"attachment-medium size-medium wp-post-image\" alt=\"\" srcset=\"https:\/\/afjminternacional.com\/wp-content\/uploads\/2026\/04\/Canada-300x146.jpg 300w, https:\/\/afjminternacional.com\/wp-content\/uploads\/2026\/04\/Canada-600x293.jpg 600w, https:\/\/afjminternacional.com\/wp-content\/uploads\/2026\/04\/Canada.jpg 742w\" sizes=\"(max-width: 300px) 100vw, 300px\" \/><\/a>\r\n\t\t\t\t\t\t<div class=\"theimran-post-layout-one__categories\">\r\n\t\t\t\t<span class=\"cat-links\"><a href=\"https:\/\/afjminternacional.com\/?cat=5\" rel=\"category\">Noticias<\/a><\/span>\t\t\t<\/div>\r\n\t\t\t<\/div><div class=\"theimran-post-layout-one__content-wrapper\">\t\t\t<div class=\"theimran-post-layout-one__title\">\r\n\t\t\t\t<h3><a href=\"https:\/\/afjminternacional.com\/?p=2668\">Nuestras noticias, desde Canad\u00e1!<\/a><\/h3>\r\n\t\t\t<\/div>\r\n\t\t\t\t<div class=\"theimran-post-layout-one__blog-meta\">\r\n\t\t\t<ul>\r\n\t\t\t\t\t\t\t\t<li><a href=\"#\"> <span class=\"far fa-calendar-alt\"><\/span><span class=\"posted-on\">posted on <a href=\"https:\/\/afjminternacional.com\/?p=2668\" rel=\"bookmark\"><time class=\"entry-date published\" datetime=\"2026-04-09T23:36:23+00:00\">9 de abril de 2026<\/time><\/a><\/span><\/a><\/li>\r\n\t\t\t\t\t\t\t<\/ul>\r\n\t\t<\/div>\r\n\t\t<\/div><\/div><\/div><div class=\"col-md-4 col-lg-3\"><div class=\"theimran-post-layout-one\"><div class=\"theimran-post-layout-one__thumbnail\">\t\t\t<a href=\"https:\/\/afjminternacional.com\/?p=2653\"><img loading=\"lazy\" decoding=\"async\" width=\"300\" height=\"111\" src=\"https:\/\/afjminternacional.com\/wp-content\/uploads\/2026\/03\/Pune-2-1-300x111.jpg\" class=\"attachment-medium size-medium wp-post-image\" alt=\"\" srcset=\"https:\/\/afjminternacional.com\/wp-content\/uploads\/2026\/03\/Pune-2-1-300x111.jpg 300w, https:\/\/afjminternacional.com\/wp-content\/uploads\/2026\/03\/Pune-2-1-1024x378.jpg 1024w, https:\/\/afjminternacional.com\/wp-content\/uploads\/2026\/03\/Pune-2-1-768x284.jpg 768w, https:\/\/afjminternacional.com\/wp-content\/uploads\/2026\/03\/Pune-2-1-600x222.jpg 600w, https:\/\/afjminternacional.com\/wp-content\/uploads\/2026\/03\/Pune-2-1.jpg 1478w\" sizes=\"(max-width: 300px) 100vw, 300px\" \/><\/a>\r\n\t\t\t\t\t\t<div class=\"theimran-post-layout-one__categories\">\r\n\t\t\t\t<span class=\"cat-links\"><a href=\"https:\/\/afjminternacional.com\/?cat=5\" rel=\"category\">Noticias<\/a><\/span>\t\t\t<\/div>\r\n\t\t\t<\/div><div class=\"theimran-post-layout-one__content-wrapper\">\t\t\t<div class=\"theimran-post-layout-one__title\">\r\n\t\t\t\t<h3><a href=\"https:\/\/afjminternacional.com\/?p=2653\">Bolet\u00edn de Navidad Pune<\/a><\/h3>\r\n\t\t\t<\/div>\r\n\t\t\t\t<div class=\"theimran-post-layout-one__blog-meta\">\r\n\t\t\t<ul>\r\n\t\t\t\t\t\t\t\t<li><a href=\"#\"> <span class=\"far fa-calendar-alt\"><\/span><span class=\"posted-on\">posted on <a href=\"https:\/\/afjminternacional.com\/?p=2653\" rel=\"bookmark\"><time class=\"entry-date published\" datetime=\"2026-03-19T10:46:58+00:00\">19 de marzo de 2026<\/time><\/a><\/span><\/a><\/li>\r\n\t\t\t\t\t\t\t<\/ul>\r\n\t\t<\/div>\r\n\t\t<\/div><\/div><\/div><div class=\"col-md-4 col-lg-3\"><div class=\"theimran-post-layout-one\"><div class=\"theimran-post-layout-one__thumbnail\">\t\t\t<a href=\"https:\/\/afjminternacional.com\/?p=2619\"><img loading=\"lazy\" decoding=\"async\" width=\"212\" height=\"300\" src=\"https:\/\/afjminternacional.com\/wp-content\/uploads\/2025\/11\/AFJM-day-2025-pdf-212x300.jpg\" class=\"attachment-medium size-medium wp-post-image\" alt=\"\" \/><\/a>\r\n\t\t\t\t\t\t<div class=\"theimran-post-layout-one__categories\">\r\n\t\t\t\t<span class=\"cat-links\"><a href=\"https:\/\/afjminternacional.com\/?cat=5\" rel=\"category\">Noticias<\/a><\/span>\t\t\t<\/div>\r\n\t\t\t<\/div><div class=\"theimran-post-layout-one__content-wrapper\">\t\t\t<div class=\"theimran-post-layout-one__title\">\r\n\t\t\t\t<h3><a href=\"https:\/\/afjminternacional.com\/?p=2619\">D\u00eda de AFJM 2025 PUNE\u2013 Una Experiencia Espiritualmente Enriquecedora<\/a><\/h3>\r\n\t\t\t<\/div>\r\n\t\t\t\t<div class=\"theimran-post-layout-one__blog-meta\">\r\n\t\t\t<ul>\r\n\t\t\t\t\t\t\t\t<li><a href=\"#\"> <span class=\"far fa-calendar-alt\"><\/span><span class=\"posted-on\">posted on <a href=\"https:\/\/afjminternacional.com\/?p=2619\" rel=\"bookmark\"><time class=\"entry-date published\" datetime=\"2025-11-07T13:45:15+00:00\">7 de noviembre de 2025<\/time><\/a><\/span><\/a><\/li>\r\n\t\t\t\t\t\t\t<\/ul>\r\n\t\t<\/div>\r\n\t\t<\/div><\/div><\/div><div class=\"col-md-4 col-lg-3\"><div class=\"theimran-post-layout-one\"><div class=\"theimran-post-layout-one__thumbnail\">\t\t\t<a href=\"https:\/\/afjminternacional.com\/?p=2602\"><img loading=\"lazy\" decoding=\"async\" width=\"300\" height=\"225\" src=\"https:\/\/afjminternacional.com\/wp-content\/uploads\/2025\/09\/AFJM-VICEPROVINCIA-ANDINA-300x225.jpg\" class=\"attachment-medium size-medium wp-post-image\" alt=\"\" srcset=\"https:\/\/afjminternacional.com\/wp-content\/uploads\/2025\/09\/AFJM-VICEPROVINCIA-ANDINA-300x225.jpg 300w, https:\/\/afjminternacional.com\/wp-content\/uploads\/2025\/09\/AFJM-VICEPROVINCIA-ANDINA-600x450.jpg 600w, https:\/\/afjminternacional.com\/wp-content\/uploads\/2025\/09\/AFJM-VICEPROVINCIA-ANDINA-rotated.jpg 640w\" sizes=\"(max-width: 300px) 100vw, 300px\" \/><\/a>\r\n\t\t\t\t\t\t<div class=\"theimran-post-layout-one__categories\">\r\n\t\t\t\t<span class=\"cat-links\"><a href=\"https:\/\/afjminternacional.com\/?cat=5\" rel=\"category\">Noticias<\/a><\/span>\t\t\t<\/div>\r\n\t\t\t<\/div><div class=\"theimran-post-layout-one__content-wrapper\">\t\t\t<div class=\"theimran-post-layout-one__title\">\r\n\t\t\t\t<h3><a href=\"https:\/\/afjminternacional.com\/?p=2602\">PEREGRINACI\u00d3N AFJM VICEPROVINCIA ANDINA<\/a><\/h3>\r\n\t\t\t<\/div>\r\n\t\t\t\t<div class=\"theimran-post-layout-one__blog-meta\">\r\n\t\t\t<ul>\r\n\t\t\t\t\t\t\t\t<li><a href=\"#\"> <span class=\"far fa-calendar-alt\"><\/span><span class=\"posted-on\">posted on <a href=\"https:\/\/afjminternacional.com\/?p=2602\" rel=\"bookmark\"><time class=\"entry-date published\" datetime=\"2025-09-25T01:29:07+00:00\">25 de septiembre de 2025<\/time><\/a><\/span><\/a><\/li>\r\n\t\t\t\t\t\t\t<\/ul>\r\n\t\t<\/div>\r\n\t\t<\/div><\/div><\/div><div class=\"col-md-4 col-lg-3\"><div class=\"theimran-post-layout-one\"><div class=\"theimran-post-layout-one__thumbnail\">\t\t\t<a href=\"https:\/\/afjminternacional.com\/?p=2580\"><img loading=\"lazy\" decoding=\"async\" width=\"228\" height=\"300\" src=\"https:\/\/afjminternacional.com\/wp-content\/uploads\/2025\/09\/Dina-1-228x300.jpg\" class=\"attachment-medium size-medium wp-post-image\" alt=\"\" srcset=\"https:\/\/afjminternacional.com\/wp-content\/uploads\/2025\/09\/Dina-1-228x300.jpg 228w, https:\/\/afjminternacional.com\/wp-content\/uploads\/2025\/09\/Dina-1-600x790.jpg 600w, https:\/\/afjminternacional.com\/wp-content\/uploads\/2025\/09\/Dina-1-493x649.jpg 493w, https:\/\/afjminternacional.com\/wp-content\/uploads\/2025\/09\/Dina-1.jpg 729w\" sizes=\"(max-width: 228px) 100vw, 228px\" \/><\/a>\r\n\t\t\t\t\t\t<div class=\"theimran-post-layout-one__categories\">\r\n\t\t\t\t<span class=\"cat-links\"><a href=\"https:\/\/afjminternacional.com\/?cat=5\" rel=\"category\">Noticias<\/a><\/span>\t\t\t<\/div>\r\n\t\t\t<\/div><div class=\"theimran-post-layout-one__content-wrapper\">\t\t\t<div class=\"theimran-post-layout-one__title\">\r\n\t\t\t\t<h3><a href=\"https:\/\/afjminternacional.com\/?p=2580\">Novena Dina B\u00e9langer 2025<\/a><\/h3>\r\n\t\t\t<\/div>\r\n\t\t\t\t<div class=\"theimran-post-layout-one__blog-meta\">\r\n\t\t\t<ul>\r\n\t\t\t\t\t\t\t\t<li><a href=\"#\"> <span class=\"far fa-calendar-alt\"><\/span><span class=\"posted-on\">posted on <a href=\"https:\/\/afjminternacional.com\/?p=2580\" rel=\"bookmark\"><time class=\"entry-date published\" datetime=\"2025-09-04T19:16:24+00:00\">4 de septiembre de 2025<\/time><\/a><\/span><\/a><\/li>\r\n\t\t\t\t\t\t\t<\/ul>\r\n\t\t<\/div>\r\n\t\t<\/div><\/div><\/div><div class=\"col-md-4 col-lg-3\"><div class=\"theimran-post-layout-one\"><div class=\"theimran-post-layout-one__thumbnail\">\t\t\t<a href=\"https:\/\/afjminternacional.com\/?p=2576\"><img loading=\"lazy\" decoding=\"async\" width=\"300\" height=\"168\" src=\"https:\/\/afjminternacional.com\/wp-content\/uploads\/2025\/07\/Simbolo-Haiti-300x168.jpg\" class=\"attachment-medium size-medium wp-post-image\" alt=\"\" srcset=\"https:\/\/afjminternacional.com\/wp-content\/uploads\/2025\/07\/Simbolo-Haiti-300x168.jpg 300w, https:\/\/afjminternacional.com\/wp-content\/uploads\/2025\/07\/Simbolo-Haiti-1024x575.jpg 1024w, https:\/\/afjminternacional.com\/wp-content\/uploads\/2025\/07\/Simbolo-Haiti-768x431.jpg 768w, https:\/\/afjminternacional.com\/wp-content\/uploads\/2025\/07\/Simbolo-Haiti-1536x862.jpg 1536w, https:\/\/afjminternacional.com\/wp-content\/uploads\/2025\/07\/Simbolo-Haiti-2048x1150.jpg 2048w, https:\/\/afjminternacional.com\/wp-content\/uploads\/2025\/07\/Simbolo-Haiti-600x337.jpg 600w, https:\/\/afjminternacional.com\/wp-content\/uploads\/2025\/07\/Simbolo-Haiti-1156x649.jpg 1156w\" sizes=\"(max-width: 300px) 100vw, 300px\" \/><\/a>\r\n\t\t\t\t\t\t<div class=\"theimran-post-layout-one__categories\">\r\n\t\t\t\t<span class=\"cat-links\"><a href=\"https:\/\/afjminternacional.com\/?cat=5\" rel=\"category\">Noticias<\/a><\/span>\t\t\t<\/div>\r\n\t\t\t<\/div><div class=\"theimran-post-layout-one__content-wrapper\">\t\t\t<div class=\"theimran-post-layout-one__title\">\r\n\t\t\t\t<h3><a href=\"https:\/\/afjminternacional.com\/?p=2576\">LA AFJM EN HAIT\u00cd ES COMO&#8230;<\/a><\/h3>\r\n\t\t\t<\/div>\r\n\t\t\t\t<div class=\"theimran-post-layout-one__blog-meta\">\r\n\t\t\t<ul>\r\n\t\t\t\t\t\t\t\t<li><a href=\"#\"> <span class=\"far fa-calendar-alt\"><\/span><span class=\"posted-on\">posted on <a href=\"https:\/\/afjminternacional.com\/?p=2576\" rel=\"bookmark\"><time class=\"entry-date published\" datetime=\"2025-07-31T23:15:02+00:00\">31 de julio de 2025<\/time><\/a><\/span><\/a><\/li>\r\n\t\t\t\t\t\t\t<\/ul>\r\n\t\t<\/div>\r\n\t\t<\/div><\/div><\/div><div class=\"col-md-4 col-lg-3\"><div class=\"theimran-post-layout-one\"><div class=\"theimran-post-layout-one__thumbnail\">\t\t\t<a href=\"https:\/\/afjminternacional.com\/?p=2571\"><img loading=\"lazy\" decoding=\"async\" width=\"240\" height=\"300\" src=\"https:\/\/afjminternacional.com\/wp-content\/uploads\/2025\/07\/SIMBOLO-AFRICA-240x300.png\" class=\"attachment-medium size-medium wp-post-image\" alt=\"\" srcset=\"https:\/\/afjminternacional.com\/wp-content\/uploads\/2025\/07\/SIMBOLO-AFRICA-240x300.png 240w, https:\/\/afjminternacional.com\/wp-content\/uploads\/2025\/07\/SIMBOLO-AFRICA-819x1024.png 819w, https:\/\/afjminternacional.com\/wp-content\/uploads\/2025\/07\/SIMBOLO-AFRICA-768x960.png 768w, https:\/\/afjminternacional.com\/wp-content\/uploads\/2025\/07\/SIMBOLO-AFRICA-600x750.png 600w, https:\/\/afjminternacional.com\/wp-content\/uploads\/2025\/07\/SIMBOLO-AFRICA-519x649.png 519w, https:\/\/afjminternacional.com\/wp-content\/uploads\/2025\/07\/SIMBOLO-AFRICA.png 1080w\" sizes=\"(max-width: 240px) 100vw, 240px\" \/><\/a>\r\n\t\t\t\t\t\t<div class=\"theimran-post-layout-one__categories\">\r\n\t\t\t\t<span class=\"cat-links\"><a href=\"https:\/\/afjminternacional.com\/?cat=5\" rel=\"category\">Noticias<\/a><\/span>\t\t\t<\/div>\r\n\t\t\t<\/div><div class=\"theimran-post-layout-one__content-wrapper\">\t\t\t<div class=\"theimran-post-layout-one__title\">\r\n\t\t\t\t<h3><a href=\"https:\/\/afjminternacional.com\/?p=2571\">LA AFJM EN LA PROVINCIA DE \u00c1FRICA ES COMO&#8230;<\/a><\/h3>\r\n\t\t\t<\/div>\r\n\t\t\t\t<div class=\"theimran-post-layout-one__blog-meta\">\r\n\t\t\t<ul>\r\n\t\t\t\t\t\t\t\t<li><a href=\"#\"> <span class=\"far fa-calendar-alt\"><\/span><span class=\"posted-on\">posted on <a href=\"https:\/\/afjminternacional.com\/?p=2571\" rel=\"bookmark\"><time class=\"entry-date published\" datetime=\"2025-07-10T02:28:39+00:00\">10 de julio de 2025<\/time><\/a><\/span><\/a><\/li>\r\n\t\t\t\t\t\t\t<\/ul>\r\n\t\t<\/div>\r\n\t\t<\/div><\/div><\/div><div class=\"col-md-4 col-lg-3\"><div class=\"theimran-post-layout-one\"><div class=\"theimran-post-layout-one__thumbnail\">\t\t\t<a href=\"https:\/\/afjminternacional.com\/?p=2563\"><img loading=\"lazy\" decoding=\"async\" width=\"240\" height=\"300\" src=\"https:\/\/afjminternacional.com\/wp-content\/uploads\/2025\/07\/Simbolo-Mexico-Cuba-240x300.png\" class=\"attachment-medium size-medium wp-post-image\" alt=\"\" srcset=\"https:\/\/afjminternacional.com\/wp-content\/uploads\/2025\/07\/Simbolo-Mexico-Cuba-240x300.png 240w, https:\/\/afjminternacional.com\/wp-content\/uploads\/2025\/07\/Simbolo-Mexico-Cuba-819x1024.png 819w, https:\/\/afjminternacional.com\/wp-content\/uploads\/2025\/07\/Simbolo-Mexico-Cuba-768x960.png 768w, https:\/\/afjminternacional.com\/wp-content\/uploads\/2025\/07\/Simbolo-Mexico-Cuba-600x750.png 600w, https:\/\/afjminternacional.com\/wp-content\/uploads\/2025\/07\/Simbolo-Mexico-Cuba-519x649.png 519w, https:\/\/afjminternacional.com\/wp-content\/uploads\/2025\/07\/Simbolo-Mexico-Cuba.png 1080w\" sizes=\"(max-width: 240px) 100vw, 240px\" \/><\/a>\r\n\t\t\t\t\t\t<div class=\"theimran-post-layout-one__categories\">\r\n\t\t\t\t<span class=\"cat-links\"><a href=\"https:\/\/afjminternacional.com\/?cat=5\" rel=\"category\">Noticias<\/a><\/span>\t\t\t<\/div>\r\n\t\t\t<\/div><div class=\"theimran-post-layout-one__content-wrapper\">\t\t\t<div class=\"theimran-post-layout-one__title\">\r\n\t\t\t\t<h3><a href=\"https:\/\/afjminternacional.com\/?p=2563\">EN M\u00c9XICO-CUBA LA AFJM ES COMO&#8230;<\/a><\/h3>\r\n\t\t\t<\/div>\r\n\t\t\t\t<div class=\"theimran-post-layout-one__blog-meta\">\r\n\t\t\t<ul>\r\n\t\t\t\t\t\t\t\t<li><a href=\"#\"> <span class=\"far fa-calendar-alt\"><\/span><span class=\"posted-on\">posted on <a href=\"https:\/\/afjminternacional.com\/?p=2563\" rel=\"bookmark\"><time class=\"entry-date published updated\" datetime=\"2025-07-08T14:48:32+00:00\">8 de julio de 2025<\/time><\/a><\/span><\/a><\/li>\r\n\t\t\t\t\t\t\t<\/ul>\r\n\t\t<\/div>\r\n\t\t<\/div><\/div><\/div><\/div>\t\t<div class=\"Page d-flex justify-content-center frontpage navigation example\">\r\n\r\n\t\t\t<div class=\"pagination-wrapper\">\r\n\t\t\t\t<ul class='page-numbers'>\n\t<li><span aria-current=\"page\" class=\"page-numbers current\">1<\/span><\/li>\n\t<li><a class=\"page-numbers\" href=\"https:\/\/afjminternacional.com\/index.php?rest_route=%2Fwp%2Fv2%2Fpages%2F561&#038;paged=2\">2<\/a><\/li>\n\t<li><a class=\"page-numbers\" href=\"https:\/\/afjminternacional.com\/index.php?rest_route=%2Fwp%2Fv2%2Fpages%2F561&#038;paged=3\">3<\/a><\/li>\n\t<li><a class=\"page-numbers\" href=\"https:\/\/afjminternacional.com\/index.php?rest_route=%2Fwp%2Fv2%2Fpages%2F561&#038;paged=4\">4<\/a><\/li>\n\t<li><span class=\"page-numbers dots\">&hellip;<\/span><\/li>\n\t<li><a class=\"page-numbers\" href=\"https:\/\/afjminternacional.com\/index.php?rest_route=%2Fwp%2Fv2%2Fpages%2F561&#038;paged=7\">7<\/a><\/li>\n\t<li><a class=\"next page-numbers\" href=\"https:\/\/afjminternacional.com\/index.php?rest_route=%2Fwp%2Fv2%2Fpages%2F561&#038;paged=2\"><i class=\"fas fa-angle-right\"><\/i><\/a><\/li>\n<\/ul>\n\t\t\t<\/div>\r\n\t\t<\/div>\r\n\t\t\t\t\t\t<\/div>\n\t\t\t\t<\/div>\n\t\t\t\t\t<\/div>\n\t\t<\/div>\n\t\t\t\t\t<\/div>\n\t\t<\/section>\n\t\t\t\t<\/div>\n\t\t","protected":false},"excerpt":{"rendered":"<p>Noticias Oraci\u00f3n 3 de Febrero AFJM Argentina-Uruguay posted on 8 de febrero de 2023 Noticias Encuentro AFJM Per\u00fa posted on 8 de febrero de 2023 Noticias XVIII Encuentro Nacional de la Asociaci\u00f3n Familia Bolivia posted on 29 de diciembre de 2022 Noticias Enlace Oraci\u00f3n de Navidad 2022 posted on 16 de diciembre de 2022 Noticias [&hellip;]<\/p>\n","protected":false},"author":1,"featured_media":0,"parent":0,"menu_order":0,"comment_status":"closed","ping_status":"closed","template":"","meta":{"site-sidebar-layout":"no-sidebar","site-content-layout":"page-builder","ast-site-content-layout":"default","site-content-style":"default","site-sidebar-style":"default","ast-global-header-display":"","ast-banner-title-visibility":"","ast-main-header-display":"","ast-hfb-above-header-display":"","ast-hfb-below-header-display":"","ast-hfb-mobile-header-display":"","site-post-title":"disabled","ast-breadcrumbs-content":"","ast-featured-img":"disabled","footer-sml-layout":"","theme-transparent-header-meta":"default","adv-header-id-meta":"","stick-header-meta":"","header-above-stick-meta":"","header-main-stick-meta":"","header-below-stick-meta":"","astra-migrate-meta-layouts":"default","ast-page-background-enabled":"default","ast-page-background-meta":{"desktop":{"background-color":"var(--ast-global-color-4)","background-image":"","background-repeat":"repeat","background-position":"center center","background-size":"auto","background-attachment":"scroll","background-type":"","background-media":"","overlay-type":"","overlay-color":"","overlay-opacity":"","overlay-gradient":""},"tablet":{"background-color":"","background-image":"","background-repeat":"repeat","background-position":"center center","background-size":"auto","background-attachment":"scroll","background-type":"","background-media":"","overlay-type":"","overlay-color":"","overlay-opacity":"","overlay-gradient":""},"mobile":{"background-color":"","background-image":"","background-repeat":"repeat","background-position":"center center","background-size":"auto","background-attachment":"scroll","background-type":"","background-media":"","overlay-type":"","overlay-color":"","overlay-opacity":"","overlay-gradient":""}},"ast-content-background-meta":{"desktop":{"background-color":"var(--ast-global-color-5)","background-image":"","background-repeat":"repeat","background-position":"center center","background-size":"auto","background-attachment":"scroll","background-type":"","background-media":"","overlay-type":"","overlay-color":"","overlay-opacity":"","overlay-gradient":""},"tablet":{"background-color":"var(--ast-global-color-5)","background-image":"","background-repeat":"repeat","background-position":"center center","background-size":"auto","background-attachment":"scroll","background-type":"","background-media":"","overlay-type":"","overlay-color":"","overlay-opacity":"","overlay-gradient":""},"mobile":{"background-color":"var(--ast-global-color-5)","background-image":"","background-repeat":"repeat","background-position":"center center","background-size":"auto","background-attachment":"scroll","background-type":"","background-media":"","overlay-type":"","overlay-color":"","overlay-opacity":"","overlay-gradient":""}},"footnotes":""},"class_list":["post-561","page","type-page","status-publish","hentry"],"aioseo_notices":[],"_links":{"self":[{"href":"https:\/\/afjminternacional.com\/index.php?rest_route=\/wp\/v2\/pages\/561","targetHints":{"allow":["GET"]}}],"collection":[{"href":"https:\/\/afjminternacional.com\/index.php?rest_route=\/wp\/v2\/pages"}],"about":[{"href":"https:\/\/afjminternacional.com\/index.php?rest_route=\/wp\/v2\/types\/page"}],"author":[{"embeddable":true,"href":"https:\/\/afjminternacional.com\/index.php?rest_route=\/wp\/v2\/users\/1"}],"replies":[{"embeddable":true,"href":"https:\/\/afjminternacional.com\/index.php?rest_route=%2Fwp%2Fv2%2Fcomments&post=561"}],"version-history":[{"count":73,"href":"https:\/\/afjminternacional.com\/index.php?rest_route=\/wp\/v2\/pages\/561\/revisions"}],"predecessor-version":[{"id":1615,"href":"https:\/\/afjminternacional.com\/index.php?rest_route=\/wp\/v2\/pages\/561\/revisions\/1615"}],"wp:attachment":[{"href":"https:\/\/afjminternacional.com\/index.php?rest_route=%2Fwp%2Fv2%2Fmedia&parent=561"}],"curies":[{"name":"wp","href":"https:\/\/api.w.org\/{rel}","templated":true}]}}