{"id":23,"date":"2021-09-20T14:37:17","date_gmt":"2021-09-20T14:37:17","guid":{"rendered":"http:\/\/afjminternacional.com\/?page_id=23"},"modified":"2025-03-18T16:57:53","modified_gmt":"2025-03-18T16:57:53","slug":"formacion-y-documentos","status":"publish","type":"page","link":"https:\/\/afjminternacional.com\/?page_id=23","title":{"rendered":"Formaci\u00f3n y Documentos"},"content":{"rendered":"\t\t<div data-elementor-type=\"wp-page\" data-elementor-id=\"23\" class=\"elementor elementor-23\">\n\t\t\t\t\t\t<section class=\"elementor-section elementor-top-section elementor-element elementor-element-a88a035 elementor-section-height-min-height elementor-section-full_width elementor-section-height-default elementor-section-items-middle\" data-id=\"a88a035\" data-element_type=\"section\" data-settings=\"{&quot;background_background&quot;:&quot;classic&quot;}\">\n\t\t\t\t\t\t\t<div class=\"elementor-background-overlay\"><\/div>\n\t\t\t\t\t\t\t<div class=\"elementor-container elementor-column-gap-default\">\n\t\t\t\t\t<div class=\"elementor-column elementor-col-100 elementor-top-column elementor-element elementor-element-14f5f32\" data-id=\"14f5f32\" data-element_type=\"column\">\n\t\t\t<div class=\"elementor-widget-wrap elementor-element-populated\">\n\t\t\t\t\t\t<div class=\"elementor-element elementor-element-da4a59b elementor-widget elementor-widget-heading\" data-id=\"da4a59b\" data-element_type=\"widget\" data-widget_type=\"heading.default\">\n\t\t\t\t<div class=\"elementor-widget-container\">\n\t\t\t\t\t<h1 class=\"elementor-heading-title elementor-size-default\">Formaci\u00f3n y Documentos<\/h1>\t\t\t\t<\/div>\n\t\t\t\t<\/div>\n\t\t\t\t\t<\/div>\n\t\t<\/div>\n\t\t\t\t\t<\/div>\n\t\t<\/section>\n\t\t\t\t<section class=\"elementor-section elementor-top-section elementor-element elementor-element-252b38d elementor-section-boxed elementor-section-height-default elementor-section-height-default\" data-id=\"252b38d\" data-element_type=\"section\">\n\t\t\t\t\t\t<div class=\"elementor-container elementor-column-gap-default\">\n\t\t\t\t\t<div class=\"elementor-column elementor-col-100 elementor-top-column elementor-element elementor-element-1145cf5\" data-id=\"1145cf5\" data-element_type=\"column\">\n\t\t\t<div class=\"elementor-widget-wrap elementor-element-populated\">\n\t\t\t\t\t\t<div class=\"elementor-element elementor-element-27ea0a2 elementor-invisible elementor-widget elementor-widget-heading\" data-id=\"27ea0a2\" data-element_type=\"widget\" data-settings=\"{&quot;_animation&quot;:&quot;fadeIn&quot;,&quot;_animation_delay&quot;:100}\" data-widget_type=\"heading.default\">\n\t\t\t\t<div class=\"elementor-widget-container\">\n\t\t\t\t\t<h2 class=\"elementor-heading-title elementor-size-default\">FORMACI\u00d3N Y DOCUMENTOS<\/h2>\t\t\t\t<\/div>\n\t\t\t\t<\/div>\n\t\t\t\t<div class=\"elementor-element elementor-element-dd3205d elementor-widget elementor-widget-eael-adv-tabs\" data-id=\"dd3205d\" data-element_type=\"widget\" data-widget_type=\"eael-adv-tabs.default\">\n\t\t\t\t<div class=\"elementor-widget-container\">\n\t\t\t\t\t        <div data-scroll-on-click=\"no\" data-scroll-speed=\"300\" id=\"eael-advance-tabs-dd3205d\" class=\"eael-advance-tabs eael-tabs-horizontal eael-tab-auto-active \" data-tabid=\"dd3205d\">\n            <div class=\"eael-tabs-nav\">\n                <ul class=\"eael-tab-inline-icon\" role=\"tablist\">\n                                            <li id=\"declogo-afjm\" class=\"inactive eael-tab-item-trigger eael-tab-nav-item\" aria-selected=\"true\" data-tab=\"1\" role=\"tab\" tabindex=\"0\" aria-controls=\"declogo-afjm-tab\" aria-expanded=\"false\">\n                            \n                                                                <i class=\"far fa-newspaper\"><\/i>                                                            \n                                                            <span class=\"eael-tab-title title-after-icon\" >Dec\u00e1logo AFJM<\/span>                            \n                                                    <\/li>\n                                            <li id=\"estatutos\" class=\" eael-tab-item-trigger eael-tab-nav-item\" aria-selected=\"false\" data-tab=\"2\" role=\"tab\" tabindex=\"-1\" aria-controls=\"estatutos-tab\" aria-expanded=\"false\">\n                            \n                                                                <i class=\"far fa-newspaper\"><\/i>                                                            \n                                                            <span class=\"eael-tab-title title-after-icon\" >Estatutos<\/span>                            \n                                                    <\/li>\n                                            <li id=\"manual-afjm\" class=\"inactive eael-tab-item-trigger eael-tab-nav-item\" aria-selected=\"false\" data-tab=\"3\" role=\"tab\" tabindex=\"-1\" aria-controls=\"manual-afjm-tab\" aria-expanded=\"false\">\n                            \n                                                                <i class=\"far fa-newspaper\"><\/i>                                                            \n                                                            <span class=\"eael-tab-title title-after-icon\" >Manual AFJM<\/span>                            \n                                                    <\/li>\n                                            <li id=\"proyecto-afjm\" class=\"inactive eael-tab-item-trigger eael-tab-nav-item\" aria-selected=\"false\" data-tab=\"4\" role=\"tab\" tabindex=\"-1\" aria-controls=\"proyecto-afjm-tab\" aria-expanded=\"false\">\n                            \n                                                                <i class=\"far fa-newspaper\"><\/i>                                                            \n                                                            <span class=\"eael-tab-title title-after-icon\" >Proyecto AFJM<\/span>                            \n                                                    <\/li>\n                                            <li id=\"nuestra-identidad\" class=\"inactive eael-tab-item-trigger eael-tab-nav-item\" aria-selected=\"false\" data-tab=\"5\" role=\"tab\" tabindex=\"-1\" aria-controls=\"nuestra-identidad-tab\" aria-expanded=\"false\">\n                            \n                                                                <i class=\"far fa-newspaper\"><\/i>                                                            \n                                                            <span class=\"eael-tab-title title-after-icon\" >Nuestra Identidad<\/span>                            \n                                                    <\/li>\n                                    <\/ul>\n            <\/div>\n            \n            <div class=\"eael-tabs-content\">\n\t\t        \n                    <div id=\"declogo-afjm-tab\" class=\"clearfix eael-tab-content-item inactive\" data-title-link=\"declogo-afjm-tab\">\n\t\t\t\t        <p><a href=\"https:\/\/afjminternacional.com\/?page_id=2327&amp;pdfurl=http:\/\/afjminternacional.com\/wp-content\/uploads\/2022\/06\/ESP-Decalogo-AFJM.pdf\" target=\"_blank\" rel=\"noopener\">Espa\u00f1ol<\/a><\/p><p><a href=\"https:\/\/afjminternacional.com\/?page_id=2327&amp;pdfurl=http:\/\/afjminternacional.com\/wp-content\/uploads\/2022\/06\/ENG-Decalogue-AFJM.pdf\" target=\"_blank\" rel=\"noopener\">Ingl\u00e9s<\/a><\/p><p><a href=\"https:\/\/afjminternacional.com\/?page_id=2327&amp;pdfurl=http:\/\/afjminternacional.com\/wp-content\/uploads\/2022\/06\/FR-Decalogue-AFJM.pdf\" target=\"_blank\" rel=\"noopener\">Franc\u00e9s<\/a><\/p><p><a href=\"https:\/\/afjminternacional.com\/?page_id=2327&amp;pdfurl=http:\/\/afjminternacional.com\/wp-content\/uploads\/2022\/06\/IT-Decalogo-AFJM.pdf\" target=\"_blank\" rel=\"noopener\">Italiano<\/a><\/p>                    <\/div>\n\t\t        \n                    <div id=\"estatutos-tab\" class=\"clearfix eael-tab-content-item \" data-title-link=\"estatutos-tab\">\n\t\t\t\t        <p><a href=\"https:\/\/afjminternacional.com\/?page_id=2327&amp;pdfurl=http:\/\/afjminternacional.com\/wp-content\/uploads\/2023\/12\/ESP-Estatutos-de-la-Asociacion-Familia-Jesus-Maria.pdf\" target=\"_blank\" rel=\"noopener\">Espa\u00f1ol<\/a><\/p><p><a href=\"https:\/\/afjminternacional.com\/?page_id=2327&amp;pdfurl=http:\/\/afjminternacional.com\/wp-content\/uploads\/2023\/12\/ENG-Statutes-of-the-Association-of-the-Family-os-Jesus-and-Mary.pdf\" target=\"_blank\" rel=\"noopener\">Ingl\u00e9s<\/a><\/p><p><a href=\"https:\/\/afjminternacional.com\/?page_id=2327&amp;pdfurl=http:\/\/afjminternacional.com\/wp-content\/uploads\/2023\/12\/FR-Statuts-de-l_Association-Famille-Jesus-Marie.pdf\" target=\"_blank\" rel=\"noopener\">Franc\u00e9s<\/a><\/p>                    <\/div>\n\t\t        \n                    <div id=\"manual-afjm-tab\" class=\"clearfix eael-tab-content-item inactive\" data-title-link=\"manual-afjm-tab\">\n\t\t\t\t        <p><a href=\"https:\/\/afjminternacional.com\/?page_id=2327&amp;pdfurl=http:\/\/afjminternacional.com\/wp-content\/uploads\/2022\/06\/ESP-Manual-AFJM.pdf\" target=\"_blank\" rel=\"noopener\">Espa\u00f1ol<\/a><\/p><p><a href=\"https:\/\/afjminternacional.com\/?page_id=2327&amp;pdfurl=http:\/\/afjminternacional.com\/wp-content\/uploads\/2022\/06\/ENG-Manual-of-AFJM.pdf\" target=\"_blank\" rel=\"noopener\">Ingl\u00e9s<\/a><\/p><p><a href=\"https:\/\/afjminternacional.com\/?page_id=2327&amp;pdfurl=http:\/\/afjminternacional.com\/wp-content\/uploads\/2022\/06\/FR-Manuel-AFJM.pdf\" target=\"_blank\" rel=\"noopener\">Franc\u00e9s<\/a><\/p>                    <\/div>\n\t\t        \n                    <div id=\"proyecto-afjm-tab\" class=\"clearfix eael-tab-content-item inactive\" data-title-link=\"proyecto-afjm-tab\">\n\t\t\t\t        <p><a href=\"https:\/\/afjminternacional.com\/?page_id=2327&amp;pdfurl=http:\/\/afjminternacional.com\/wp-content\/uploads\/2022\/06\/ESP-Proyecto-AFJM.pdf\" target=\"_blank\" rel=\"noopener\">Espa\u00f1ol<\/a><\/p><p><a href=\"https:\/\/afjminternacional.com\/?page_id=2327&amp;pdfurl=http:\/\/afjminternacional.com\/wp-content\/uploads\/2022\/06\/ENG-Project-AFJM.pdf\" target=\"_blank\" rel=\"noopener\">Ingl\u00e9s<\/a><\/p><p><a href=\"https:\/\/afjminternacional.com\/?page_id=2327&amp;pdfurl=http:\/\/afjminternacional.com\/wp-content\/uploads\/2022\/06\/FR-Projet-AFJM.pdf\" target=\"_blank\" rel=\"noopener\">Franc\u00e9s<\/a><\/p>                    <\/div>\n\t\t        \n                    <div id=\"nuestra-identidad-tab\" class=\"clearfix eael-tab-content-item inactive\" data-title-link=\"nuestra-identidad-tab\">\n\t\t\t\t        <p><a href=\"https:\/\/afjminternacional.com\/?page_id=2327&amp;pdfurl=http:\/\/afjminternacional.com\/wp-content\/uploads\/2025\/03\/ESP-Conocer-nuestra-Identidad_.pdf\" target=\"_blank\" rel=\"noopener\">ESPA\u00d1OL<\/a><\/p><p><a href=\"https:\/\/afjminternacional.com\/?page_id=2327&amp;pdfurl=http:\/\/afjminternacional.com\/wp-content\/uploads\/2025\/03\/ENG-To-know-our-Identity.pdf\" target=\"_blank\" rel=\"noopener\">INGL\u00c9S<\/a><\/p><p><a href=\"https:\/\/afjminternacional.com\/?page_id=2327&amp;pdfurl=http:\/\/afjminternacional.com\/wp-content\/uploads\/2025\/03\/FR-Connaitre-notre-Identite.pdf\" target=\"_blank\" rel=\"noopener\">FRANC\u00c9S<\/a><\/p><p><a href=\"https:\/\/afjminternacional.com\/?page_id=2327&amp;pdfurl=http:\/\/afjminternacional.com\/wp-content\/uploads\/2025\/03\/ITA-Conoscere-la-nostra-Identita.pdf\" target=\"_blank\" rel=\"noopener\">ITALIANO<\/a><\/p><p>\u00a0<\/p>                    <\/div>\n\t\t                    <\/div>\n        <\/div>\n\t\t\t\t<\/div>\n\t\t\t\t<\/div>\n\t\t\t\t\t<\/div>\n\t\t<\/div>\n\t\t\t\t\t<\/div>\n\t\t<\/section>\n\t\t\t\t<section class=\"elementor-section elementor-top-section elementor-element elementor-element-66bc92c elementor-section-boxed elementor-section-height-default elementor-section-height-default\" data-id=\"66bc92c\" data-element_type=\"section\">\n\t\t\t\t\t\t<div class=\"elementor-container elementor-column-gap-default\">\n\t\t\t\t\t<div class=\"elementor-column elementor-col-100 elementor-top-column elementor-element elementor-element-0541ee8\" data-id=\"0541ee8\" data-element_type=\"column\">\n\t\t\t<div class=\"elementor-widget-wrap elementor-element-populated\">\n\t\t\t\t\t\t<div class=\"elementor-element elementor-element-ee59ff1 elementor-hidden-desktop elementor-hidden-tablet elementor-hidden-mobile elementor-widget elementor-widget-accordion\" data-id=\"ee59ff1\" data-element_type=\"widget\" data-widget_type=\"accordion.default\">\n\t\t\t\t<div class=\"elementor-widget-container\">\n\t\t\t\t\t\t\t<div class=\"elementor-accordion\">\n\t\t\t\t\t\t\t<div class=\"elementor-accordion-item\">\n\t\t\t\t\t<div id=\"elementor-tab-title-2491\" class=\"elementor-tab-title\" data-tab=\"1\" role=\"button\" aria-controls=\"elementor-tab-content-2491\" aria-expanded=\"false\">\n\t\t\t\t\t\t\t\t\t\t\t\t<a class=\"elementor-accordion-title\" tabindex=\"0\"><\/a>\n\t\t\t\t\t<\/div>\n\t\t\t\t\t<div id=\"elementor-tab-content-2491\" class=\"elementor-tab-content elementor-clearfix\" data-tab=\"1\" role=\"region\" aria-labelledby=\"elementor-tab-title-2491\"><h4 style=\"text-align: center;\">Formaci\u00f3n y Documentos<\/h4><\/div>\n\t\t\t\t<\/div>\n\t\t\t\t\t\t\t<div class=\"elementor-accordion-item\">\n\t\t\t\t\t<div id=\"elementor-tab-title-2492\" class=\"elementor-tab-title\" data-tab=\"2\" role=\"button\" aria-controls=\"elementor-tab-content-2492\" aria-expanded=\"false\">\n\t\t\t\t\t\t\t\t\t\t\t\t<a class=\"elementor-accordion-title\" tabindex=\"0\">Estatutos AFJM<\/a>\n\t\t\t\t\t<\/div>\n\t\t\t\t\t<div id=\"elementor-tab-content-2492\" class=\"elementor-tab-content elementor-clearfix\" data-tab=\"2\" role=\"region\" aria-labelledby=\"elementor-tab-title-2492\"><p><a href=\"http:\/\/afjminternacional.com\/wp-content\/uploads\/2021\/11\/Estatutos-AFJM.pdf\" target=\"_blank\" rel=\"noopener\">Link al Documento<\/a><\/p><\/div>\n\t\t\t\t<\/div>\n\t\t\t\t\t\t\t<div class=\"elementor-accordion-item\">\n\t\t\t\t\t<div id=\"elementor-tab-title-2493\" class=\"elementor-tab-title\" data-tab=\"3\" role=\"button\" aria-controls=\"elementor-tab-content-2493\" aria-expanded=\"false\">\n\t\t\t\t\t\t\t\t\t\t\t\t<a class=\"elementor-accordion-title\" tabindex=\"0\">Dec\u00e1logo AFJM Texto<\/a>\n\t\t\t\t\t<\/div>\n\t\t\t\t\t<div id=\"elementor-tab-content-2493\" class=\"elementor-tab-content elementor-clearfix\" data-tab=\"3\" role=\"region\" aria-labelledby=\"elementor-tab-title-2493\"><p><a href=\"http:\/\/afjminternacional.com\/wp-content\/uploads\/2021\/11\/Decalogo-AFJM-texto.pdf\" target=\"_blank\" rel=\"noopener\">Link al Documento<\/a><\/p><\/div>\n\t\t\t\t<\/div>\n\t\t\t\t\t\t\t<div class=\"elementor-accordion-item\">\n\t\t\t\t\t<div id=\"elementor-tab-title-2494\" class=\"elementor-tab-title\" data-tab=\"4\" role=\"button\" aria-controls=\"elementor-tab-content-2494\" aria-expanded=\"false\">\n\t\t\t\t\t\t\t\t\t\t\t\t<a class=\"elementor-accordion-title\" tabindex=\"0\">Dec\u00e1logo AFJM<\/a>\n\t\t\t\t\t<\/div>\n\t\t\t\t\t<div id=\"elementor-tab-content-2494\" class=\"elementor-tab-content elementor-clearfix\" data-tab=\"4\" role=\"region\" aria-labelledby=\"elementor-tab-title-2494\"><p><a href=\"http:\/\/afjminternacional.com\/wp-content\/uploads\/2021\/11\/Decalogo-AFJM.pdf\" target=\"_blank\" rel=\"noopener\">Link al Documento<\/a><\/p><\/div>\n\t\t\t\t<\/div>\n\t\t\t\t\t\t\t\t<\/div>\n\t\t\t\t\t\t<\/div>\n\t\t\t\t<\/div>\n\t\t\t\t\t<\/div>\n\t\t<\/div>\n\t\t\t\t\t<\/div>\n\t\t<\/section>\n\t\t\t\t<\/div>\n\t\t","protected":false},"excerpt":{"rendered":"<p>Formaci\u00f3n y Documentos FORMACI\u00d3N Y DOCUMENTOS Dec\u00e1logo AFJM Estatutos Manual AFJM Proyecto AFJM Nuestra Identidad Espa\u00f1ol Ingl\u00e9s Franc\u00e9s Italiano Espa\u00f1ol Ingl\u00e9s Franc\u00e9s Espa\u00f1ol Ingl\u00e9s Franc\u00e9s Espa\u00f1ol Ingl\u00e9s Franc\u00e9s ESPA\u00d1OL INGL\u00c9S FRANC\u00c9S ITALIANO \u00a0 Formaci\u00f3n y Documentos Estatutos AFJM Link al Documento Dec\u00e1logo AFJM Texto Link al Documento Dec\u00e1logo AFJM Link al Documento<\/p>\n","protected":false},"author":1,"featured_media":0,"parent":0,"menu_order":0,"comment_status":"closed","ping_status":"closed","template":"","meta":{"site-sidebar-layout":"no-sidebar","site-content-layout":"page-builder","ast-site-content-layout":"default","site-content-style":"default","site-sidebar-style":"default","ast-global-header-display":"","ast-banner-title-visibility":"","ast-main-header-display":"","ast-hfb-above-header-display":"","ast-hfb-below-header-display":"","ast-hfb-mobile-header-display":"","site-post-title":"disabled","ast-breadcrumbs-content":"","ast-featured-img":"disabled","footer-sml-layout":"","theme-transparent-header-meta":"default","adv-header-id-meta":"","stick-header-meta":"","header-above-stick-meta":"","header-main-stick-meta":"","header-below-stick-meta":"","astra-migrate-meta-layouts":"default","ast-page-background-enabled":"default","ast-page-background-meta":{"desktop":{"background-color":"var(--ast-global-color-4)","background-image":"","background-repeat":"repeat","background-position":"center center","background-size":"auto","background-attachment":"scroll","background-type":"","background-media":"","overlay-type":"","overlay-color":"","overlay-opacity":"","overlay-gradient":""},"tablet":{"background-color":"","background-image":"","background-repeat":"repeat","background-position":"center center","background-size":"auto","background-attachment":"scroll","background-type":"","background-media":"","overlay-type":"","overlay-color":"","overlay-opacity":"","overlay-gradient":""},"mobile":{"background-color":"","background-image":"","background-repeat":"repeat","background-position":"center center","background-size":"auto","background-attachment":"scroll","background-type":"","background-media":"","overlay-type":"","overlay-color":"","overlay-opacity":"","overlay-gradient":""}},"ast-content-background-meta":{"desktop":{"background-color":"var(--ast-global-color-5)","background-image":"","background-repeat":"repeat","background-position":"center center","background-size":"auto","background-attachment":"scroll","background-type":"","background-media":"","overlay-type":"","overlay-color":"","overlay-opacity":"","overlay-gradient":""},"tablet":{"background-color":"var(--ast-global-color-5)","background-image":"","background-repeat":"repeat","background-position":"center center","background-size":"auto","background-attachment":"scroll","background-type":"","background-media":"","overlay-type":"","overlay-color":"","overlay-opacity":"","overlay-gradient":""},"mobile":{"background-color":"var(--ast-global-color-5)","background-image":"","background-repeat":"repeat","background-position":"center center","background-size":"auto","background-attachment":"scroll","background-type":"","background-media":"","overlay-type":"","overlay-color":"","overlay-opacity":"","overlay-gradient":""}},"footnotes":""},"class_list":["post-23","page","type-page","status-publish","hentry"],"aioseo_notices":[],"_links":{"self":[{"href":"https:\/\/afjminternacional.com\/index.php?rest_route=\/wp\/v2\/pages\/23","targetHints":{"allow":["GET"]}}],"collection":[{"href":"https:\/\/afjminternacional.com\/index.php?rest_route=\/wp\/v2\/pages"}],"about":[{"href":"https:\/\/afjminternacional.com\/index.php?rest_route=\/wp\/v2\/types\/page"}],"author":[{"embeddable":true,"href":"https:\/\/afjminternacional.com\/index.php?rest_route=\/wp\/v2\/users\/1"}],"replies":[{"embeddable":true,"href":"https:\/\/afjminternacional.com\/index.php?rest_route=%2Fwp%2Fv2%2Fcomments&post=23"}],"version-history":[{"count":70,"href":"https:\/\/afjminternacional.com\/index.php?rest_route=\/wp\/v2\/pages\/23\/revisions"}],"predecessor-version":[{"id":2423,"href":"https:\/\/afjminternacional.com\/index.php?rest_route=\/wp\/v2\/pages\/23\/revisions\/2423"}],"wp:attachment":[{"href":"https:\/\/afjminternacional.com\/index.php?rest_route=%2Fwp%2Fv2%2Fmedia&parent=23"}],"curies":[{"name":"wp","href":"https:\/\/api.w.org\/{rel}","templated":true}]}}